{"id":6376,"date":"2015-04-10T22:00:04","date_gmt":"2015-04-10T19:00:04","guid":{"rendered":"https:\/\/www.thomasachermann.com\/tervetuloa\/"},"modified":"2025-08-23T15:39:39","modified_gmt":"2025-08-23T12:39:39","slug":"tervetuloa","status":"publish","type":"page","link":"https:\/\/www.thomasachermann.com\/fi\/","title":{"rendered":"Tervetuloa"},"content":{"rendered":"<p>[et_pb_section fb_built=&#8221;1&#8243; fullwidth=&#8221;on&#8221; _builder_version=&#8221;4.16&#8243; hover_enabled=&#8221;0&#8243; global_colors_info=&#8221;{}&#8221; sticky_enabled=&#8221;0&#8243;][et_pb_fullwidth_slider admin_label=&#8221;Newest Images Slider&#8221; _builder_version=&#8221;4.27.4&#8243; background_position=&#8221;top_left&#8221; custom_padding=&#8221;|||&#8221; auto=&#8221;on&#8221; hover_enabled=&#8221;0&#8243; global_colors_info=&#8221;{}&#8221; button_text_size__hover_enabled=&#8221;off&#8221; button_text_size__hover=&#8221;null&#8221; button_one_text_size__hover_enabled=&#8221;off&#8221; button_one_text_size__hover=&#8221;null&#8221; button_two_text_size__hover_enabled=&#8221;off&#8221; button_two_text_size__hover=&#8221;null&#8221; button_text_color__hover_enabled=&#8221;off&#8221; button_text_color__hover=&#8221;null&#8221; button_one_text_color__hover_enabled=&#8221;off&#8221; button_one_text_color__hover=&#8221;null&#8221; button_two_text_color__hover_enabled=&#8221;off&#8221; button_two_text_color__hover=&#8221;null&#8221; button_border_width__hover_enabled=&#8221;off&#8221; button_border_width__hover=&#8221;null&#8221; button_one_border_width__hover_enabled=&#8221;off&#8221; button_one_border_width__hover=&#8221;null&#8221; button_two_border_width__hover_enabled=&#8221;off&#8221; button_two_border_width__hover=&#8221;null&#8221; button_border_color__hover_enabled=&#8221;off&#8221; button_border_color__hover=&#8221;null&#8221; button_one_border_color__hover_enabled=&#8221;off&#8221; button_one_border_color__hover=&#8221;null&#8221; button_two_border_color__hover_enabled=&#8221;off&#8221; button_two_border_color__hover=&#8221;null&#8221; button_border_radius__hover_enabled=&#8221;off&#8221; button_border_radius__hover=&#8221;null&#8221; button_one_border_radius__hover_enabled=&#8221;off&#8221; button_one_border_radius__hover=&#8221;null&#8221; button_two_border_radius__hover_enabled=&#8221;off&#8221; button_two_border_radius__hover=&#8221;null&#8221; button_letter_spacing__hover_enabled=&#8221;off&#8221; button_letter_spacing__hover=&#8221;null&#8221; button_one_letter_spacing__hover_enabled=&#8221;off&#8221; button_one_letter_spacing__hover=&#8221;null&#8221; button_two_letter_spacing__hover_enabled=&#8221;off&#8221; button_two_letter_spacing__hover=&#8221;null&#8221; button_bg_color__hover_enabled=&#8221;off&#8221; button_bg_color__hover=&#8221;null&#8221; button_one_bg_color__hover_enabled=&#8221;off&#8221; button_one_bg_color__hover=&#8221;null&#8221; button_two_bg_color__hover_enabled=&#8221;off&#8221; button_two_bg_color__hover=&#8221;null&#8221; sticky_enabled=&#8221;0&#8243; alt=&#8221;Calendar 2026 ad&#8221; title_text=&#8221;Calendar 2026 ad&#8221; background_image=&#8221;https:\/\/www.thomasachermann.com\/wp-content\/uploads\/2025\/08\/Calendar_2026_Ad.jpg&#8221;][et_pb_slide heading=&#8221;2026 Kalenteri %22Vuosi Lapissa%22&#8243; button_text=&#8221;verkkokauppaan&#8221; button_link=&#8221;https:\/\/www.thomasachermann.com\/fi\/tuote\/kalenteri-vuosi-lapissa-2026\/&#8221; use_bg_overlay=&#8221;off&#8221; use_text_overlay=&#8221;off&#8221; _builder_version=&#8221;4.27.4&#8243; header_font=&#8221;||||&#8221; body_font=&#8221;||||&#8221; background_color=&#8221;#ffffff&#8221; background_image=&#8221;https:\/\/www.thomasachermann.com\/wp-content\/uploads\/2025\/08\/Calendar_2026_Ad.jpg&#8221; background_enable_image=&#8221;on&#8221; button_on_hover=&#8221;on&#8221; hover_enabled=&#8221;0&#8243; global_colors_info=&#8221;{}&#8221; sticky_transition=&#8221;on&#8221; sticky_enabled=&#8221;0&#8243; alt=&#8221;Calendar 2026 ad&#8221; title_text=&#8221;Calendar 2026 ad&#8221;]<\/p>\n<p>Uusi kalenteri vuodelle 2026 on nyt saatavilla!<br \/>Painettu A3-kokoisena 250 g\/m2 paperille kiilt\u00e4v\u00e4ll\u00e4 UV-lakalla<\/p>\n<p>[\/et_pb_slide][\/et_pb_fullwidth_slider][\/et_pb_section][et_pb_section fb_built=&#8221;1&#8243; fullwidth=&#8221;on&#8221; _builder_version=&#8221;4.16&#8243; background_color=&#8221;#ffffff&#8221; global_colors_info=&#8221;{}&#8221;][et_pb_fullwidth_header title=&#8221;Valokuvagalleria&#8221; header_fullscreen=&#8221;on&#8221; button_one_text=&#8221;galleriaan&#8230;&#8221; button_one_url=&#8221;https:\/\/www.thomasachermann.com\/fi\/kuvagalleria\/&#8221; background_overlay_color=&#8221;rgba(25,25,25,0)&#8221; scroll_down_icon_size_tablet=&#8221;50&#8243; scroll_down_icon_size_phone=&#8221;50&#8243; admin_label=&#8221;Photo Gallery section&#8221; _builder_version=&#8221;4.16&#8243; title_font=&#8221;|on|||&#8221; title_font_size=&#8221;30&#8243; content_font_size=&#8221;14&#8243; subhead_font_size=&#8221;18&#8243; background_color=&#8221;rgba(255, 255, 255, 0)&#8221; background_image=&#8221;https:\/\/www.thomasachermann.com\/wp-content\/uploads\/collage.jpg&#8221; parallax=&#8221;on&#8221; title_font_size_tablet=&#8221;30&#8243; title_font_size_phone=&#8221;30&#8243; content_font_size_tablet=&#8221;14&#8243; content_font_size_phone=&#8221;14&#8243; subhead_font_size_tablet=&#8221;18&#8243; subhead_font_size_phone=&#8221;18&#8243; button_one_letter_spacing_hover=&#8221;0&#8243; button_two_letter_spacing_hover=&#8221;0&#8243; background_url=&#8221;https:\/\/www.thomasachermann.com\/wp-content\/uploads\/20140912_lapland_0087.jpg&#8221; global_colors_info=&#8221;{}&#8221; button_one_text_size__hover_enabled=&#8221;off&#8221; button_one_text_size__hover=&#8221;null&#8221; button_two_text_size__hover_enabled=&#8221;off&#8221; button_two_text_size__hover=&#8221;null&#8221; button_one_text_color__hover_enabled=&#8221;off&#8221; button_one_text_color__hover=&#8221;null&#8221; button_two_text_color__hover_enabled=&#8221;off&#8221; button_two_text_color__hover=&#8221;null&#8221; button_one_border_width__hover_enabled=&#8221;off&#8221; button_one_border_width__hover=&#8221;null&#8221; button_two_border_width__hover_enabled=&#8221;off&#8221; button_two_border_width__hover=&#8221;null&#8221; button_one_border_color__hover_enabled=&#8221;off&#8221; button_one_border_color__hover=&#8221;null&#8221; button_two_border_color__hover_enabled=&#8221;off&#8221; button_two_border_color__hover=&#8221;null&#8221; button_one_border_radius__hover_enabled=&#8221;off&#8221; button_one_border_radius__hover=&#8221;null&#8221; button_two_border_radius__hover_enabled=&#8221;off&#8221; button_two_border_radius__hover=&#8221;null&#8221; button_one_letter_spacing__hover_enabled=&#8221;on&#8221; button_one_letter_spacing__hover=&#8221;0&#8243; button_two_letter_spacing__hover_enabled=&#8221;on&#8221; button_two_letter_spacing__hover=&#8221;0&#8243; button_one_bg_color__hover_enabled=&#8221;off&#8221; button_one_bg_color__hover=&#8221;null&#8221; button_two_bg_color__hover_enabled=&#8221;off&#8221; button_two_bg_color__hover=&#8221;null&#8221;]<\/p>\n<p>&nbsp;<\/p>\n<p><\/p>\n<p><strong><br \/>Kaikki valokuvat ovat saatavana tauluina ja valokuvakortteina<br \/><\/strong><\/p>\n<p>[\/et_pb_fullwidth_header][\/et_pb_section][et_pb_section fb_built=&#8221;1&#8243; fullwidth=&#8221;on&#8221; _builder_version=&#8221;4.16&#8243; background_color=&#8221;#ffffff&#8221; collapsed=&#8221;off&#8221; global_colors_info=&#8221;{}&#8221;][et_pb_fullwidth_header title=&#8221; Valokuvaaja&#8221; header_fullscreen=&#8221;on&#8221; button_one_text=&#8221;lue lis\u00e4\u00e4&#8230;&#8221; button_one_url=&#8221;https:\/\/www.thomasachermann.com\/about\/&#8221; scroll_down_icon_size_tablet=&#8221;50&#8243; scroll_down_icon_size_phone=&#8221;50&#8243; admin_label=&#8221;About section&#8221; _builder_version=&#8221;4.16&#8243; title_font=&#8221;|on|||&#8221; title_font_size=&#8221;30&#8243; content_font_size=&#8221;14&#8243; subhead_font_size=&#8221;18&#8243; background_color=&#8221;rgba(255, 255, 255, 0)&#8221; background_image=&#8221;https:\/\/www.thomasachermann.com\/wp-content\/uploads\/20140116_pf03_jerisj\u00e4rvi_thomas-2.jpg&#8221; parallax=&#8221;on&#8221; custom_button_one=&#8221;on&#8221; button_one_text_color=&#8221;#000000&#8243; background_layout=&#8221;light&#8221; title_font_size_tablet=&#8221;30&#8243; title_font_size_phone=&#8221;30&#8243; content_font_size_tablet=&#8221;14&#8243; content_font_size_phone=&#8221;14&#8243; subhead_font_size_tablet=&#8221;18&#8243; subhead_font_size_phone=&#8221;18&#8243; button_one_letter_spacing_hover=&#8221;0&#8243; button_two_letter_spacing_hover=&#8221;0&#8243; background_url=&#8221;https:\/\/www.thomasachermann.com\/wp-content\/uploads\/20140116_pf03_jerisj\u00e4rvi_thomas-2.jpg&#8221; global_colors_info=&#8221;{}&#8221; button_one_text_size__hover_enabled=&#8221;off&#8221; button_one_text_size__hover=&#8221;null&#8221; button_two_text_size__hover_enabled=&#8221;off&#8221; button_two_text_size__hover=&#8221;null&#8221; button_one_text_color__hover_enabled=&#8221;off&#8221; button_one_text_color__hover=&#8221;null&#8221; button_two_text_color__hover_enabled=&#8221;off&#8221; button_two_text_color__hover=&#8221;null&#8221; button_one_border_width__hover_enabled=&#8221;off&#8221; button_one_border_width__hover=&#8221;null&#8221; button_two_border_width__hover_enabled=&#8221;off&#8221; button_two_border_width__hover=&#8221;null&#8221; button_one_border_color__hover_enabled=&#8221;off&#8221; button_one_border_color__hover=&#8221;null&#8221; button_two_border_color__hover_enabled=&#8221;off&#8221; button_two_border_color__hover=&#8221;null&#8221; button_one_border_radius__hover_enabled=&#8221;off&#8221; button_one_border_radius__hover=&#8221;null&#8221; button_two_border_radius__hover_enabled=&#8221;off&#8221; button_two_border_radius__hover=&#8221;null&#8221; button_one_letter_spacing__hover_enabled=&#8221;on&#8221; button_one_letter_spacing__hover=&#8221;0&#8243; button_two_letter_spacing__hover_enabled=&#8221;on&#8221; button_two_letter_spacing__hover=&#8221;0&#8243; button_one_bg_color__hover_enabled=&#8221;off&#8221; button_one_bg_color__hover=&#8221;null&#8221; button_two_bg_color__hover_enabled=&#8221;off&#8221; button_two_bg_color__hover=&#8221;null&#8221;]<\/p>\n<p>&nbsp;<\/p>\n<p><\/p>\n<p>&nbsp;<\/p>\n<p><\/p>\n<p>&nbsp;<\/p>\n<p><\/p>\n<p>&nbsp;<\/p>\n<p>[\/et_pb_fullwidth_header][\/et_pb_section][et_pb_section fb_built=&#8221;1&#8243; fullwidth=&#8221;on&#8221; _builder_version=&#8221;4.16&#8243; background_color=&#8221;#ffffff&#8221; global_colors_info=&#8221;{}&#8221;][et_pb_fullwidth_header title=&#8221;Taulut ja Tuotteet&#8221; header_fullscreen=&#8221;on&#8221; button_one_text=&#8221;lue lis\u00e4\u00e4&#8230;&#8221; button_one_url=&#8221;https:\/\/www.thomasachermann.com\/fi\/taulut-tuoteet\/&#8221; admin_label=&#8221;Prints-Products section&#8221; _builder_version=&#8221;4.16&#8243; title_font=&#8221;|on|||&#8221; background_color=&#8221;rgba(255, 255, 255, 0)&#8221; background_image=&#8221;https:\/\/www.thomasachermann.com\/wp-content\/uploads\/20170318_gallery_0002.jpg&#8221; parallax=&#8221;on&#8221; max_width_tablet=&#8221;50px&#8221; global_colors_info=&#8221;{}&#8221; button_one_text_size__hover_enabled=&#8221;off&#8221; button_one_text_size__hover=&#8221;null&#8221; button_two_text_size__hover_enabled=&#8221;off&#8221; button_two_text_size__hover=&#8221;null&#8221; button_one_text_color__hover_enabled=&#8221;off&#8221; button_one_text_color__hover=&#8221;null&#8221; button_two_text_color__hover_enabled=&#8221;off&#8221; button_two_text_color__hover=&#8221;null&#8221; button_one_border_width__hover_enabled=&#8221;off&#8221; button_one_border_width__hover=&#8221;null&#8221; button_two_border_width__hover_enabled=&#8221;off&#8221; button_two_border_width__hover=&#8221;null&#8221; button_one_border_color__hover_enabled=&#8221;off&#8221; button_one_border_color__hover=&#8221;null&#8221; button_two_border_color__hover_enabled=&#8221;off&#8221; button_two_border_color__hover=&#8221;null&#8221; button_one_border_radius__hover_enabled=&#8221;off&#8221; button_one_border_radius__hover=&#8221;null&#8221; button_two_border_radius__hover_enabled=&#8221;off&#8221; button_two_border_radius__hover=&#8221;null&#8221; button_one_letter_spacing__hover_enabled=&#8221;off&#8221; button_one_letter_spacing__hover=&#8221;null&#8221; button_two_letter_spacing__hover_enabled=&#8221;off&#8221; button_two_letter_spacing__hover=&#8221;null&#8221; button_one_bg_color__hover_enabled=&#8221;off&#8221; button_one_bg_color__hover=&#8221;null&#8221; button_two_bg_color__hover_enabled=&#8221;off&#8221; button_two_bg_color__hover=&#8221;null&#8221;]<\/p>\n<p>&nbsp;<\/p>\n<p><\/p>\n<p>&nbsp;<\/p>\n<p><\/p>\n<p>&nbsp;<\/p>\n<p><\/p>\n<p>&nbsp;<\/p>\n<p><\/p>\n<p>&nbsp;<\/p>\n<p><\/p>\n<p>&nbsp;<\/p>\n<p>[\/et_pb_fullwidth_header][\/et_pb_section][et_pb_section fb_built=&#8221;1&#8243; custom_padding_last_edited=&#8221;on|desktop&#8221; _builder_version=&#8221;4.16&#8243; background_color=&#8221;#ffffff&#8221; custom_padding_tablet=&#8221;50px|0|50px|0&#8243; custom_padding_phone=&#8221;&#8221; global_colors_info=&#8221;{}&#8221;][et_pb_row _builder_version=&#8221;4.16&#8243; background_size=&#8221;initial&#8221; background_position=&#8221;top_left&#8221; background_repeat=&#8221;repeat&#8221; global_colors_info=&#8221;{}&#8221;][et_pb_column type=&#8221;4_4&#8243; _builder_version=&#8221;4.16&#8243; custom_padding=&#8221;|||&#8221; global_colors_info=&#8221;{}&#8221; custom_padding__hover=&#8221;|||&#8221;][et_pb_text _builder_version=&#8221;4.16&#8243; background_size=&#8221;initial&#8221; background_position=&#8221;top_left&#8221; background_repeat=&#8221;repeat&#8221; module_alignment=&#8221;left&#8221; use_border_color=&#8221;off&#8221; border_color=&#8221;#ffffff&#8221; border_style=&#8221;solid&#8221; global_colors_info=&#8221;{}&#8221;]<\/p>\n<h1><strong>Viimeisimm\u00e4t uutiset:<\/strong><\/h1>\n<p>[\/et_pb_text][et_pb_blog fullwidth=&#8221;off&#8221; posts_number=&#8221;4&#8243; include_categories=&#8221;3&#8243; show_more=&#8221;on&#8221; show_author=&#8221;off&#8221; show_categories=&#8221;off&#8221; admin_label=&#8221;Last Blog entries&#8221; _builder_version=&#8221;4.16&#8243; use_border_color=&#8221;off&#8221; border_color=&#8221;#ffffff&#8221; border_style=&#8221;solid&#8221; use_dropshadow=&#8221;off&#8221; global_colors_info=&#8221;{}&#8221;][\/et_pb_blog][\/et_pb_column][\/et_pb_row][\/et_pb_section][et_pb_section fb_built=&#8221;1&#8243; _builder_version=&#8221;4.16&#8243; background_color=&#8221;#ffffff&#8221; global_colors_info=&#8221;{}&#8221;][et_pb_row column_structure=&#8221;1_3,1_3,1_3&#8243; padding_mobile=&#8221;off&#8221; column_padding_mobile=&#8221;on&#8221; _builder_version=&#8221;4.16&#8243; background_size=&#8221;initial&#8221; background_position=&#8221;top_left&#8221; background_repeat=&#8221;repeat&#8221; global_colors_info=&#8221;{}&#8221;][et_pb_column type=&#8221;1_3&#8243; _builder_version=&#8221;4.16&#8243; custom_padding=&#8221;|||&#8221; global_colors_info=&#8221;{}&#8221; custom_padding__hover=&#8221;|||&#8221;][et_pb_text admin_label=&#8221;Footer Menu&#8221; _builder_version=&#8221;4.16&#8243; text_letter_spacing=&#8221;0&#8243; text_line_height=&#8221;1.7&#8243; header_font_size=&#8221;30&#8243; header_letter_spacing=&#8221;0&#8243; header_line_height=&#8221;1&#8243; background_size=&#8221;initial&#8221; background_position=&#8221;top_left&#8221; background_repeat=&#8221;repeat&#8221; text_orientation=&#8221;right&#8221; module_alignment=&#8221;right&#8221; custom_margin=&#8221;|||20px&#8221; text_letter_spacing_tablet=&#8221;0&#8243; text_letter_spacing_phone=&#8221;0&#8243; text_line_height_tablet=&#8221;1.7&#8243; text_line_height_phone=&#8221;1.7&#8243; header_font_size_tablet=&#8221;30&#8243; header_font_size_phone=&#8221;30&#8243; header_letter_spacing_tablet=&#8221;0&#8243; header_letter_spacing_phone=&#8221;0&#8243; header_line_height_tablet=&#8221;1&#8243; header_line_height_phone=&#8221;1&#8243; use_border_color=&#8221;off&#8221; border_color=&#8221;#ffffff&#8221; border_width=&#8221;1&#8243; border_style=&#8221;solid&#8221; global_colors_info=&#8221;{}&#8221;]<\/p>\n<p><strong>Menu<\/strong><\/p>\n<p><\/p>\n<p><a href=\"https:\/\/www.thomasachermann.com\/fi\/\">Home<br \/><\/a><a href=\"https:\/\/www.thomasachermann.com\/fi\/taulut-tuoteet\/\">Valokuvaus<br \/><\/a><a href=\"https:\/\/www.thomasachermann.com\/fi\/kuvagalleria\/\">Valokuvagalleria<br \/><\/a><a href=\"https:\/\/www.thomasachermann.com\/about\/\">Meid\u00e4n tarinamme<br \/><\/a><a href=\"https:\/\/www.thomasachermann.com\/fi\/yhteystiedot\/\">Yhteystiedot<br \/><\/a><a href=\"https:\/\/www.thomasachermann.com\/fi\/category\/uutiset-fi\/\">Uutiset<\/a><\/p>\n<p>[\/et_pb_text][\/et_pb_column][et_pb_column type=&#8221;1_3&#8243; _builder_version=&#8221;4.16&#8243; custom_padding=&#8221;|||&#8221; global_colors_info=&#8221;{}&#8221; custom_padding__hover=&#8221;|||&#8221;][et_pb_text disabled_on=&#8221;off|off|off&#8221; _builder_version=&#8221;4.16&#8243; _module_preset=&#8221;default&#8221; global_colors_info=&#8221;{}&#8221;]<\/p>\n<p style=\"text-align: center;\"><strong>Tilaa uutiskirjeemme<br \/><\/strong><div class=\"tnp tnp-subscription \">\n<form method=\"post\" action=\"https:\/\/www.thomasachermann.com\/wp-admin\/admin-ajax.php?action=tnp&amp;na=s\">\n<input type=\"hidden\" name=\"nlang\" value=\"fi\">\n<div class=\"tnp-field tnp-field-firstname\"><label for=\"tnp-1\">Nimi<\/label>\n<input class=\"tnp-name\" type=\"text\" name=\"nn\" id=\"tnp-1\" value=\"\" placeholder=\"\"><\/div>\n<div class=\"tnp-field tnp-field-email\"><label for=\"tnp-2\">S\u00e4hk\u00f6postiosoite<\/label>\n<input class=\"tnp-email\" type=\"email\" name=\"ne\" id=\"tnp-2\" value=\"\" placeholder=\"\" required><\/div>\n<div class=\"tnp-field tnp-privacy-field\"><label><input type=\"checkbox\" name=\"ny\" required class=\"tnp-privacy\"> <a target=\"_blank\" href=\"https:\/\/www.thomasachermann.com\/privacy-policy\/\">Jatkamalla vahvistat, ett\u00e4 haluat saada uutiskirjeemme ja hyv\u00e4ksyt tietosuojak\u00e4yt\u00e4nt\u00f6<\/a><\/label><\/div><div class=\"tnp-field tnp-field-button\" style=\"text-align: left\"><input class=\"tnp-submit\" type=\"submit\" value=\"Tilaa\" style=\"\">\n<\/div>\n<\/form>\n<\/div>\n<\/p>\n<p>[\/et_pb_text][\/et_pb_column][et_pb_column type=&#8221;1_3&#8243; _builder_version=&#8221;4.16&#8243; custom_padding=&#8221;|||&#8221; global_colors_info=&#8221;{}&#8221; custom_padding__hover=&#8221;|||&#8221;][et_pb_text admin_label=&#8221;Connect Text&#8221; _builder_version=&#8221;4.16&#8243; background_size=&#8221;initial&#8221; background_position=&#8221;top_left&#8221; background_repeat=&#8221;repeat&#8221; module_alignment=&#8221;left&#8221; use_border_color=&#8221;off&#8221; border_color=&#8221;#ffffff&#8221; border_style=&#8221;solid&#8221; global_colors_info=&#8221;{}&#8221;]<\/p>\n<p><strong>Seuraa meille<\/strong><\/p>\n<p>[\/et_pb_text][et_pb_social_media_follow _builder_version=&#8221;4.16&#8243; border_radii=&#8221;on|100%|100%|100%|100%&#8221; link_shape=&#8221;circle&#8221; global_colors_info=&#8221;{}&#8221;][et_pb_social_media_follow_network social_network=&#8221;facebook&#8221; url=&#8221;https:\/\/www.facebook.com\/thomasachermannphotography&#8221; _builder_version=&#8221;4.16&#8243; background_color=&#8221;#3b5998&#8243; global_colors_info=&#8221;{}&#8221; follow_button=&#8221;off&#8221; url_new_window=&#8221;on&#8221;] facebook [\/et_pb_social_media_follow_network][et_pb_social_media_follow_network social_network=&#8221;twitter&#8221; url=&#8221;https:\/\/twitter.com\/tachermannphoto&#8221; _builder_version=&#8221;4.22.2&#8243; background_color=&#8221;#000000&#8243; global_colors_info=&#8221;{}&#8221; follow_button=&#8221;off&#8221; url_new_window=&#8221;on&#8221;] Twitter [\/et_pb_social_media_follow_network][et_pb_social_media_follow_network social_network=&#8221;linkedin&#8221; url=&#8221;https:\/\/www.linkedin.com\/in\/thomas-achermann-2b442334&#8243; _builder_version=&#8221;4.16&#8243; background_color=&#8221;#007bb6&#8243; global_colors_info=&#8221;{}&#8221; follow_button=&#8221;off&#8221; url_new_window=&#8221;on&#8221;] LinkedIn [\/et_pb_social_media_follow_network][\/et_pb_social_media_follow][\/et_pb_column][\/et_pb_row][\/et_pb_section]<\/p>\n","protected":false},"excerpt":{"rendered":"<p>Uusi kalenteri vuodelle 2026 on nyt saatavilla!Painettu A3-kokoisena 250 g\/m2 paperille kiilt\u00e4v\u00e4ll\u00e4 UV-lakalla&nbsp;Kaikki valokuvat ovat saatavana tauluina ja valokuvakortteina&nbsp;&nbsp;&nbsp;&nbsp;&nbsp;&nbsp;&nbsp;&nbsp;&nbsp;&nbsp; Viimeisimm\u00e4t uutiset: MenuHomeValokuvausValokuvagalleriaMeid\u00e4n tarinammeYhteystiedotUutiset Tilaa uutiskirjeemme<div class=\"tnp tnp-subscription \">\n<form method=\"post\" action=\"https:\/\/www.thomasachermann.com\/wp-admin\/admin-ajax.php?action=tnp&amp;na=s\">\n<input type=\"hidden\" name=\"nlang\" value=\"fi\">\n<div class=\"tnp-field tnp-field-firstname\"><label for=\"tnp-4\">Nimi<\/label>\n<input class=\"tnp-name\" type=\"text\" name=\"nn\" id=\"tnp-4\" value=\"\" placeholder=\"\"><\/div>\n<div class=\"tnp-field tnp-field-email\"><label for=\"tnp-5\">S\u00e4hk\u00f6postiosoite<\/label>\n<input class=\"tnp-email\" type=\"email\" name=\"ne\" id=\"tnp-5\" value=\"\" placeholder=\"\" required><\/div>\n<div class=\"tnp-field tnp-privacy-field\"><label><input type=\"checkbox\" name=\"ny\" required class=\"tnp-privacy\"> <a target=\"_blank\" href=\"https:\/\/www.thomasachermann.com\/privacy-policy\/\">Jatkamalla vahvistat, ett\u00e4 haluat saada uutiskirjeemme ja hyv\u00e4ksyt tietosuojak\u00e4yt\u00e4nt\u00f6<\/a><\/label><\/div><div class=\"tnp-field tnp-field-button\" style=\"text-align: left\"><input class=\"tnp-submit\" type=\"submit\" value=\"Tilaa\" style=\"\">\n<\/div>\n<\/form>\n<\/div>\nSeuraa meille<\/p>\n","protected":false},"author":3,"featured_media":0,"parent":0,"menu_order":0,"comment_status":"closed","ping_status":"closed","template":"","meta":{"_et_pb_use_builder":"on","_et_pb_old_content":"","_et_gb_content_width":"","footnotes":""},"class_list":["post-6376","page","type-page","status-publish","hentry"],"_links":{"self":[{"href":"https:\/\/www.thomasachermann.com\/fi\/wp-json\/wp\/v2\/pages\/6376","targetHints":{"allow":["GET"]}}],"collection":[{"href":"https:\/\/www.thomasachermann.com\/fi\/wp-json\/wp\/v2\/pages"}],"about":[{"href":"https:\/\/www.thomasachermann.com\/fi\/wp-json\/wp\/v2\/types\/page"}],"author":[{"embeddable":true,"href":"https:\/\/www.thomasachermann.com\/fi\/wp-json\/wp\/v2\/users\/3"}],"replies":[{"embeddable":true,"href":"https:\/\/www.thomasachermann.com\/fi\/wp-json\/wp\/v2\/comments?post=6376"}],"version-history":[{"count":0,"href":"https:\/\/www.thomasachermann.com\/fi\/wp-json\/wp\/v2\/pages\/6376\/revisions"}],"wp:attachment":[{"href":"https:\/\/www.thomasachermann.com\/fi\/wp-json\/wp\/v2\/media?parent=6376"}],"curies":[{"name":"wp","href":"https:\/\/api.w.org\/{rel}","templated":true}]}}