{"id":6400,"date":"2010-11-13T23:50:59","date_gmt":"2010-11-13T20:50:59","guid":{"rendered":"https:\/\/www.thomasachermann.com\/taulut-tuoteet\/"},"modified":"2021-10-30T16:45:45","modified_gmt":"2021-10-30T13:45:45","slug":"taulut-tuoteet","status":"publish","type":"page","link":"https:\/\/www.thomasachermann.com\/fi\/taulut-tuoteet\/","title":{"rendered":"Taulut &#8211; Tuotteet"},"content":{"rendered":"<p>[et_pb_section fb_built=&#8221;1&#8243; admin_label=&#8221;section&#8221; _builder_version=&#8221;3.0.47&#8243;][et_pb_row admin_label=&#8221;row&#8221; _builder_version=&#8221;3.0.47&#8243; background_size=&#8221;initial&#8221; background_position=&#8221;top_left&#8221; background_repeat=&#8221;repeat&#8221;][et_pb_column type=&#8221;4_4&#8243; _builder_version=&#8221;3.0.47&#8243;][et_pb_text admin_label=&#8221;Main Text&#8221; _builder_version=&#8221;3.10.1&#8243; background_size=&#8221;initial&#8221; background_position=&#8221;top_left&#8221; background_repeat=&#8221;repeat&#8221; module_alignment=&#8221;left&#8221;]<\/p>\n<h3><strong>Taulut ja Tuotteet<\/strong><\/h3>\n<p class=\"MsoNormal\">Fine Art tauluja ja valokuvakortteja on saatavilla kaikista nettigalleriassa olevista valokuvista.<\/p>\n<p>[\/et_pb_text][\/et_pb_column][\/et_pb_row][et_pb_row _builder_version=&#8221;3.0.48&#8243; background_size=&#8221;initial&#8221; background_position=&#8221;top_left&#8221; background_repeat=&#8221;repeat&#8221;][et_pb_column type=&#8221;4_4&#8243; _builder_version=&#8221;3.0.47&#8243;][et_pb_text admin_label=&#8221;Gallery Text&#8221; _builder_version=&#8221;3.0.92&#8243; background_size=&#8221;initial&#8221; background_position=&#8221;top_left&#8221; background_repeat=&#8221;repeat&#8221; border_color_all=&#8221;#ffffff&#8221; module_alignment=&#8221;left&#8221; animation_style=&#8221;fade&#8221; use_border_color=&#8221;off&#8221;]<\/p>\n<h3><strong>Galleria<\/strong><\/h3>\n<p>Galleriani sijaitsee <a href=\"http:\/\/www.swisscafemuonio.com\" target=\"_blank\" rel=\"noopener\">Swiss Cafe Konditoria<\/a>:ssa, Puthaanrannantie 5, Muoniossa<img loading=\"lazy\" decoding=\"async\" class=\"alignleft wp-image-3897 size-large\" src=\"https:\/\/www.thomasachermann.com\/wp-content\/uploads\/\/20170318_gallery_0002-1024x682.jpg\" alt=\"\" width=\"1024\" height=\"682\" srcset=\"https:\/\/www.thomasachermann.com\/wp-content\/uploads\/20170318_gallery_0002-1024x682.jpg 1024w, https:\/\/www.thomasachermann.com\/wp-content\/uploads\/20170318_gallery_0002-300x200.jpg 300w, https:\/\/www.thomasachermann.com\/wp-content\/uploads\/20170318_gallery_0002-800x533.jpg 800w, https:\/\/www.thomasachermann.com\/wp-content\/uploads\/20170318_gallery_0002-150x100.jpg 150w, https:\/\/www.thomasachermann.com\/wp-content\/uploads\/20170318_gallery_0002-768x512.jpg 768w, https:\/\/www.thomasachermann.com\/wp-content\/uploads\/20170318_gallery_0002-1080x720.jpg 1080w, https:\/\/www.thomasachermann.com\/wp-content\/uploads\/20170318_gallery_0002.jpg 1280w\" sizes=\"(max-width: 1024px) 100vw, 1024px\" \/><\/p>\n<div id=\"_mcePaste\" class=\"mcePaste\" style=\"position: absolute; left: -10000px; top: 684px; width: 1px; height: 1px; overflow: hidden;\">\u00a0<\/p>\n<p class=\"MsoNormal\"><span style=\"font-family: 'Georgia','serif'; color: #330033;\">Ounastie 170<\/span><\/p>\n<p class=\"MsoNormal\"><span style=\"font-family: 'Georgia','serif'; color: #330033;\">FI &#8211;\u00a099400 Enonteki\u00f6<\/span><\/p>\n<\/div>\n<p>[\/et_pb_text][\/et_pb_column][\/et_pb_row][et_pb_row _builder_version=&#8221;3.0.48&#8243; background_size=&#8221;initial&#8221; background_position=&#8221;top_left&#8221; background_repeat=&#8221;repeat&#8221;][et_pb_column type=&#8221;4_4&#8243; _builder_version=&#8221;3.0.47&#8243;][et_pb_text admin_label=&#8221;Fine Art Prints Text&#8221; _builder_version=&#8221;3.10.1&#8243; background_size=&#8221;initial&#8221; background_position=&#8221;top_left&#8221; background_repeat=&#8221;repeat&#8221; animation_style=&#8221;fade&#8221; border_style=&#8221;solid&#8221;]<\/p>\n<h3><strong>Fine Art Tauluja<\/strong><\/h3>\n<p class=\"MsoNormal\">Jokainen n\u00e4ist\u00e4 tauluista on itse tehty Epson SureColor \u00a9 -tulostimelle k\u00e4ytt\u00e4m\u00e4ll\u00e4 Epson UltraChrome \u00a9 HD-arkistopigmenttimusteita ja Canson \u00a9 Infinity Photo Luster Premium -paperia. T\u00e4m\u00e4 yhdistelm\u00e4 takaa loistavan v\u00e4rintoiston ja pitk\u00e4ik\u00e4iset tulosteet. N\u00e4iss\u00e4 tulosteissa on valkoinen passepartout ja ne ovat valmiita kehystett\u00e4viksi. Ne ovat avoimen version painoksia ja numeroituja ja signeerattuja.<\/p>\n<p>&nbsp;<\/p>\n<p>[\/et_pb_text][\/et_pb_column][\/et_pb_row][et_pb_row _builder_version=&#8221;3.0.48&#8243; background_size=&#8221;initial&#8221; background_position=&#8221;top_left&#8221; background_repeat=&#8221;repeat&#8221;][et_pb_column type=&#8221;1_3&#8243; _builder_version=&#8221;3.0.47&#8243;][et_pb_text admin_label=&#8221;Fine Art Print 20&#215;30 cm&#8221; _builder_version=&#8221;3.10.1&#8243;]<\/p>\n<h3><img loading=\"lazy\" decoding=\"async\" class=\"aligncenter size-medium wp-image-4383\" src=\"https:\/\/www.thomasachermann.com\/wp-content\/uploads\/2011\/02\/20110204_tap_0006-300x226.jpg\" alt=\"Matboard Mounted Print\" width=\"300\" height=\"226\" srcset=\"https:\/\/www.thomasachermann.com\/wp-content\/uploads\/2011\/02\/20110204_tap_0006-300x226.jpg 300w, https:\/\/www.thomasachermann.com\/wp-content\/uploads\/2011\/02\/20110204_tap_0006-150x113.jpg 150w, https:\/\/www.thomasachermann.com\/wp-content\/uploads\/2011\/02\/20110204_tap_0006.jpg 480w\" sizes=\"(max-width: 300px) 100vw, 300px\" \/><\/h3>\n<h3 class=\"et_pb_module_header\" style=\"text-align: center;\"><strong>Fine Art Taulu 20&#215;30 cm<\/strong><\/h3>\n<div class=\"et_pb_blurb_description\">\n<div class=\"et_pb_pricing_content\">\n<p style=\"text-align: center;\">20&#215;30 cm taulu &#8211; valkoinen passepartout 30&#215;40 cm<\/p>\n<h3>\u00a0<\/h3>\n<h3 style=\"text-align: center;\"><strong>50 \u20ac<\/strong><\/h3>\n<\/div>\n<\/div>\n<p>[\/et_pb_text][\/et_pb_column][et_pb_column type=&#8221;1_3&#8243; _builder_version=&#8221;3.0.47&#8243;][et_pb_text admin_label=&#8221;Fine Art Print 30&#215;45 cm&#8221; _builder_version=&#8221;3.10.1&#8243;]<\/p>\n<h3><img loading=\"lazy\" decoding=\"async\" class=\"aligncenter size-medium wp-image-4383\" src=\"https:\/\/www.thomasachermann.com\/wp-content\/uploads\/2011\/02\/20110204_tap_0006-300x226.jpg\" alt=\"Matboard Mounted Print\" width=\"300\" height=\"226\" srcset=\"https:\/\/www.thomasachermann.com\/wp-content\/uploads\/2011\/02\/20110204_tap_0006-300x226.jpg 300w, https:\/\/www.thomasachermann.com\/wp-content\/uploads\/2011\/02\/20110204_tap_0006-150x113.jpg 150w, https:\/\/www.thomasachermann.com\/wp-content\/uploads\/2011\/02\/20110204_tap_0006.jpg 480w\" sizes=\"(max-width: 300px) 100vw, 300px\" \/><\/h3>\n<h3 class=\"et_pb_module_header\" style=\"text-align: center;\"><strong>Fine Art Taulu 30&#215;45 cm<\/strong><\/h3>\n<div class=\"et_pb_blurb_description\">\n<div class=\"et_pb_pricing_content\">\n<p style=\"text-align: center;\">30&#215;45 cm taulu &#8211; valkoinen passepartout 50&#215;60 cm<\/p>\n<h3>\u00a0<\/h3>\n<h3 style=\"text-align: center;\"><strong>120 \u20ac<\/strong><\/h3>\n<\/div>\n<\/div>\n<p>[\/et_pb_text][\/et_pb_column][et_pb_column type=&#8221;1_3&#8243; _builder_version=&#8221;3.0.47&#8243;][et_pb_text admin_label=&#8221;Fine Art Print 40&#215;60 cm&#8221; _builder_version=&#8221;3.10.1&#8243;]<\/p>\n<h3><img loading=\"lazy\" decoding=\"async\" class=\"aligncenter size-medium wp-image-4383\" src=\"https:\/\/www.thomasachermann.com\/wp-content\/uploads\/2011\/02\/20110204_tap_0006-300x226.jpg\" alt=\"Matboard Mounted Print\" width=\"300\" height=\"226\" srcset=\"https:\/\/www.thomasachermann.com\/wp-content\/uploads\/2011\/02\/20110204_tap_0006-300x226.jpg 300w, https:\/\/www.thomasachermann.com\/wp-content\/uploads\/2011\/02\/20110204_tap_0006-150x113.jpg 150w, https:\/\/www.thomasachermann.com\/wp-content\/uploads\/2011\/02\/20110204_tap_0006.jpg 480w\" sizes=\"(max-width: 300px) 100vw, 300px\" \/><\/h3>\n<h3 class=\"et_pb_module_header\" style=\"text-align: center;\"><strong>Fine Art Taulu 40&#215;60 cm<\/strong><\/h3>\n<div class=\"et_pb_blurb_description\">\n<div class=\"et_pb_pricing_content\">\n<p style=\"text-align: center;\">40&#215;60 cm taulu &#8211; valkoinen passepartout 70&#215;50 cm<\/p>\n<h3>\u00a0<\/h3>\n<h3 style=\"text-align: center;\"><strong>240 \u20ac<\/strong><\/h3>\n<\/div>\n<\/div>\n<p>[\/et_pb_text][\/et_pb_column][\/et_pb_row][et_pb_row _builder_version=&#8221;3.0.48&#8243; background_size=&#8221;initial&#8221; background_position=&#8221;top_left&#8221; background_repeat=&#8221;repeat&#8221;][et_pb_column type=&#8221;4_4&#8243; _builder_version=&#8221;3.0.47&#8243;][et_pb_text admin_label=&#8221;Print Products Text&#8221; _builder_version=&#8221;3.10.1&#8243; background_size=&#8221;initial&#8221; background_position=&#8221;top_left&#8221; background_repeat=&#8221;repeat&#8221; animation_style=&#8221;fade&#8221;]<\/p>\n<h3><strong>Muut Tuotteet<\/strong><\/h3>\n<p>[\/et_pb_text][\/et_pb_column][\/et_pb_row][et_pb_row _builder_version=&#8221;3.0.48&#8243; background_size=&#8221;initial&#8221; background_position=&#8221;top_left&#8221; background_repeat=&#8221;repeat&#8221;][et_pb_column type=&#8221;1_3&#8243; _builder_version=&#8221;3.0.47&#8243;][et_pb_text admin_label=&#8221;Photo Greeting Card&#8221; _builder_version=&#8221;3.10.1&#8243;]<\/p>\n<h3><img loading=\"lazy\" decoding=\"async\" class=\"size-medium wp-image-4385 aligncenter\" src=\"https:\/\/www.thomasachermann.com\/wp-content\/uploads\/2011\/02\/20110204_tap_0002-300x188.jpg\" alt=\"Photo Greeting Cards\" width=\"300\" height=\"188\" srcset=\"https:\/\/www.thomasachermann.com\/wp-content\/uploads\/2011\/02\/20110204_tap_0002-300x188.jpg 300w, https:\/\/www.thomasachermann.com\/wp-content\/uploads\/2011\/02\/20110204_tap_0002-150x94.jpg 150w, https:\/\/www.thomasachermann.com\/wp-content\/uploads\/2011\/02\/20110204_tap_0002.jpg 480w\" sizes=\"(max-width: 300px) 100vw, 300px\" \/><\/h3>\n<h3 class=\"et_pb_module_header\" style=\"text-align: center;\"><strong>Valokuvakortti &#8211; A5<\/strong><\/h3>\n<div class=\"et_pb_blurb_description\">\n<div class=\"et_pb_pricing_content\">\n<div class=\"et_pb_blurb_description\" style=\"text-align: center;\">10&#215;15 cm:n valokuva (tulostettu Epson Premium Glossy Photo paperilla) 14,8&#215;21 cm:n (A5-kokoinen) taittokortille (220 g teksturoitua paperia)<\/p>\n<h3>\u00a0<\/h3>\n<h3><strong>7,50 \u20ac<\/strong><\/h3>\n<\/div>\n<\/div>\n<\/div>\n<p>[\/et_pb_text][\/et_pb_column][et_pb_column type=&#8221;1_3&#8243; _builder_version=&#8221;3.0.47&#8243;][et_pb_text admin_label=&#8221;Photo Greeting Card&#8221; _builder_version=&#8221;3.21.4&#8243;]<\/p>\n<h3>\u00a0<\/h3>\n<h3 class=\"et_pb_module_header\" style=\"text-align: center;\"><strong>Magneetti<br \/><\/strong><\/h3>\n<div class=\"et_pb_blurb_description\">\n<div class=\"et_pb_pricing_content\">\n<div class=\"et_pb_blurb_description\" style=\"text-align: center;\">\n<p>78&#215;53 mm kokoinen j\u00e4\u00e4kaappimagneetti<\/p>\n<h3>\u00a0<\/h3>\n<h3><strong>5,00 \u20ac<\/strong><\/h3>\n<\/div>\n<\/div>\n<\/div>\n<p>[\/et_pb_text][\/et_pb_column][et_pb_column type=&#8221;1_3&#8243; _builder_version=&#8221;3.0.47&#8243;][et_pb_text admin_label=&#8221;Photo Greeting Card&#8221; _builder_version=&#8221;3.21.4&#8243;]<\/p>\n<h3>\u00a0<\/h3>\n<h3 class=\"et_pb_module_header\" style=\"text-align: center;\"><strong>Hiirimatto<br \/><\/strong><\/h3>\n<div class=\"et_pb_blurb_description\">\n<div class=\"et_pb_pricing_content\">\n<div class=\"et_pb_blurb_description\" style=\"text-align: center;\">\n<p>24&#215;19 cm kokoinen hiirimatto<\/p>\n<h3>\u00a0<\/h3>\n<h3><strong>10,80 \u20ac<\/strong><\/h3>\n<\/div>\n<\/div>\n<\/div>\n<p>[\/et_pb_text][\/et_pb_column][\/et_pb_row][et_pb_row _builder_version=&#8221;3.0.48&#8243; background_size=&#8221;initial&#8221; background_position=&#8221;top_left&#8221; background_repeat=&#8221;repeat&#8221;][et_pb_column type=&#8221;4_4&#8243; _builder_version=&#8221;3.0.47&#8243;][et_pb_text admin_label=&#8221;Resellers Text&#8221; _builder_version=&#8221;3.0.89&#8243; background_size=&#8221;initial&#8221; background_position=&#8221;top_left&#8221; background_repeat=&#8221;repeat&#8221; border_color_all=&#8221;#ffffff&#8221; border_style_all=&#8221;solid&#8221; animation_style=&#8221;fade&#8221; use_border_color=&#8221;off&#8221; border_color=&#8221;#ffffff&#8221; border_style=&#8221;solid&#8221;]<\/p>\n<h3><strong>J\u00e4lleenmyyj\u00e4t<\/strong><\/h3>\n<p>N\u00e4ist\u00e4 paikoista on saatavana valikoima valokuvakortteja:<\/p>\n<div id=\"_mcePaste\" class=\"mcePaste\" style=\"position: absolute; left: -10000px; top: 684px; width: 1px; height: 1px; overflow: hidden;\">\u00a0<\/p>\n<p class=\"MsoNormal\"><span style=\"font-family: 'Georgia','serif'; color: #330033;\">Ounastie 170<\/span><\/p>\n<p class=\"MsoNormal\"><span style=\"font-family: 'Georgia','serif'; color: #330033;\">FI &#8211;\u00a099400 Enonteki\u00f6<\/span><\/p>\n<\/div>\n<p>[\/et_pb_text][\/et_pb_column][\/et_pb_row][et_pb_row _builder_version=&#8221;3.0.47&#8243; background_size=&#8221;initial&#8221; background_position=&#8221;top_left&#8221; background_repeat=&#8221;repeat&#8221;][et_pb_column type=&#8221;1_2&#8243; _builder_version=&#8221;3.0.47&#8243;][et_pb_text admin_label=&#8221;Levi Tourist Information&#8221; _builder_version=&#8221;3.0.89&#8243; background_size=&#8221;initial&#8221; background_position=&#8221;top_left&#8221; background_repeat=&#8221;repeat&#8221; border_color_all=&#8221;#ffffff&#8221; border_style_all=&#8221;solid&#8221; animation_style=&#8221;fade&#8221; use_border_color=&#8221;off&#8221; border_color=&#8221;#ffffff&#8221; border_style=&#8221;solid&#8221;]<\/p>\n<p><a href=\"https:\/\/www.levi.fi\/info\/aukioloajat.html\" target=\"_blank\" rel=\"noopener\">Levin matkailuneuvonta<\/a> Myllyjoentie 2, 99130 Levi<\/p>\n<p>[\/et_pb_text][\/et_pb_column][et_pb_column type=&#8221;1_2&#8243; _builder_version=&#8221;3.0.47&#8243;][\/et_pb_column][\/et_pb_row][\/et_pb_section]<\/p>\n","protected":false},"excerpt":{"rendered":"<p>Taulut ja Tuotteet Fine Art tauluja ja valokuvakortteja on saatavilla kaikista nettigalleriassa olevista valokuvista. Galleria Galleriani sijaitsee Swiss Cafe Konditoria:ssa, Puthaanrannantie 5, Muoniossa \u00a0 Ounastie 170 FI &#8211;\u00a099400 Enonteki\u00f6 Fine Art Tauluja Jokainen n\u00e4ist\u00e4 tauluista on itse tehty Epson SureColor \u00a9 -tulostimelle k\u00e4ytt\u00e4m\u00e4ll\u00e4 Epson UltraChrome \u00a9 HD-arkistopigmenttimusteita ja Canson \u00a9 Infinity Photo Luster Premium -paperia. [&hellip;]<\/p>\n","protected":false},"author":3,"featured_media":0,"parent":0,"menu_order":1,"comment_status":"closed","ping_status":"closed","template":"","meta":{"_et_pb_use_builder":"on","_et_pb_old_content":"","_et_gb_content_width":"","footnotes":""},"class_list":["post-6400","page","type-page","status-publish","hentry"],"_links":{"self":[{"href":"https:\/\/www.thomasachermann.com\/fi\/wp-json\/wp\/v2\/pages\/6400","targetHints":{"allow":["GET"]}}],"collection":[{"href":"https:\/\/www.thomasachermann.com\/fi\/wp-json\/wp\/v2\/pages"}],"about":[{"href":"https:\/\/www.thomasachermann.com\/fi\/wp-json\/wp\/v2\/types\/page"}],"author":[{"embeddable":true,"href":"https:\/\/www.thomasachermann.com\/fi\/wp-json\/wp\/v2\/users\/3"}],"replies":[{"embeddable":true,"href":"https:\/\/www.thomasachermann.com\/fi\/wp-json\/wp\/v2\/comments?post=6400"}],"version-history":[{"count":0,"href":"https:\/\/www.thomasachermann.com\/fi\/wp-json\/wp\/v2\/pages\/6400\/revisions"}],"wp:attachment":[{"href":"https:\/\/www.thomasachermann.com\/fi\/wp-json\/wp\/v2\/media?parent=6400"}],"curies":[{"name":"wp","href":"https:\/\/api.w.org\/{rel}","templated":true}]}}