{"id":17042,"date":"2021-03-07T17:45:06","date_gmt":"2021-03-07T14:45:06","guid":{"rendered":"https:\/\/www.thomasachermann.com\/product\/20080204_lapland_0059\/"},"modified":"2024-10-29T20:44:34","modified_gmt":"2024-10-29T17:44:34","slug":"20080002","status":"publish","type":"product","link":"https:\/\/www.thomasachermann.com\/fi\/tuote\/20080002\/","title":{"rendered":"20080002"},"content":{"rendered":"<p>\u00c4k\u00e4sj\u00e4rvi Winterscape #01<\/p>\n","protected":false},"excerpt":{"rendered":"<p>\u00c4k\u00e4sj\u00e4rvi Winterscape #01<\/p>\n","protected":false},"featured_media":7784,"template":"","meta":{"_et_pb_use_builder":"off","_et_pb_old_content":"","_et_gb_content_width":""},"product_brand":[],"product_cat":[2170],"product_tag":[2181,2931,3317,3318,3095,3018,3008,3085,3320,3321,3322,3324,3312,3313,2284,3314,2996,3316,2950,2788,2786,3326,2822,2758,3107,2567,3327,3117],"class_list":{"0":"post-17042","1":"product","2":"type-product","3":"status-publish","4":"has-post-thumbnail","6":"product_cat-lappi-talvi","7":"product_tag-2008-fi","8":"product_tag-aamu","9":"product_tag-arctic-fi","10":"product_tag-arctic-circle-fi","11":"product_tag-auringonpaiste","12":"product_tag-auringonsade","13":"product_tag-aurinko","14":"product_tag-aurinkokunta","15":"product_tag-biomes-fi","16":"product_tag-biosphere-fi","17":"product_tag-boreal-forest-fi","18":"product_tag-ecosystems-fi","19":"product_tag-europe-fi","20":"product_tag-finland-fi","21":"product_tag-helmikuu","22":"product_tag-lapland-fi","23":"product_tag-lumi","24":"product_tag-polar-regions-fi","25":"product_tag-saailmiot","26":"product_tag-tahtitiede","27":"product_tag-tahtitieteellinen-vuodenaika","28":"product_tag-taiga-fi","29":"product_tag-taivaankappale","30":"product_tag-talvi","31":"product_tag-talviolosuhteet","32":"product_tag-taululuottelo","33":"product_tag-terrestrial-biomes-fi","34":"product_tag-tieteet","36":"first","37":"instock","38":"taxable","39":"shipping-taxable","40":"purchasable","41":"product-type-variable"},"_links":{"self":[{"href":"https:\/\/www.thomasachermann.com\/fi\/wp-json\/wp\/v2\/product\/17042","targetHints":{"allow":["GET"]}}],"collection":[{"href":"https:\/\/www.thomasachermann.com\/fi\/wp-json\/wp\/v2\/product"}],"about":[{"href":"https:\/\/www.thomasachermann.com\/fi\/wp-json\/wp\/v2\/types\/product"}],"wp:featuredmedia":[{"embeddable":true,"href":"https:\/\/www.thomasachermann.com\/fi\/wp-json\/wp\/v2\/media\/7784"}],"wp:attachment":[{"href":"https:\/\/www.thomasachermann.com\/fi\/wp-json\/wp\/v2\/media?parent=17042"}],"wp:term":[{"taxonomy":"product_brand","embeddable":true,"href":"https:\/\/www.thomasachermann.com\/fi\/wp-json\/wp\/v2\/product_brand?post=17042"},{"taxonomy":"product_cat","embeddable":true,"href":"https:\/\/www.thomasachermann.com\/fi\/wp-json\/wp\/v2\/product_cat?post=17042"},{"taxonomy":"product_tag","embeddable":true,"href":"https:\/\/www.thomasachermann.com\/fi\/wp-json\/wp\/v2\/product_tag?post=17042"}],"curies":[{"name":"wp","href":"https:\/\/api.w.org\/{rel}","templated":true}]}}